{"id":737,"date":"2024-05-23T21:41:40","date_gmt":"2024-05-24T01:41:40","guid":{"rendered":"https:\/\/videomedia.creatures.ca\/about\/francois-auger\/"},"modified":"2024-06-07T11:02:48","modified_gmt":"2024-06-07T15:02:48","slug":"francois-auger","status":"publish","type":"page","link":"https:\/\/www.videomedia.ca\/en\/about\/francois-auger\/","title":{"rendered":"Fran\u00e7ois Auger"},"content":{"rendered":"\t\t<div data-elementor-type=\"wp-page\" data-elementor-id=\"737\" class=\"elementor elementor-737 elementor-562\" data-elementor-post-type=\"page\">\n\t\t\t\t<div class=\"elementor-element elementor-element-7b1645e5 e-flex e-con-boxed e-con e-parent\" data-id=\"7b1645e5\" data-element_type=\"container\" data-e-type=\"container\" id=\"8mm\" data-settings=\"{&quot;background_background&quot;:&quot;classic&quot;}\">\n\t\t\t\t\t<div class=\"e-con-inner\">\n\t\t<div class=\"elementor-element elementor-element-68c8c05 e-flex e-con-boxed e-con e-child\" data-id=\"68c8c05\" data-element_type=\"container\" data-e-type=\"container\">\n\t\t\t\t\t<div class=\"e-con-inner\">\n\t\t<div class=\"elementor-element elementor-element-683323a e-con-full e-flex e-con e-child\" data-id=\"683323a\" data-element_type=\"container\" data-e-type=\"container\">\n\t\t\t\t<div class=\"elementor-element elementor-element-01cbe17 elementor-widget elementor-widget-image\" data-id=\"01cbe17\" data-element_type=\"widget\" data-e-type=\"widget\" data-widget_type=\"image.default\">\n\t\t\t\t<div class=\"elementor-widget-container\">\n\t\t\t\t\t\t\t\t\t\t\t\t\t\t\t<img fetchpriority=\"high\" decoding=\"async\" width=\"779\" height=\"1024\" src=\"https:\/\/www.videomedia.ca\/wp-content\/uploads\/2024\/04\/6283fca0cccf811111dc1743_CV-photo-Francois-min-779x1024.jpg\" class=\"attachment-large size-large wp-image-695\" alt=\"\" srcset=\"https:\/\/www.videomedia.ca\/wp-content\/uploads\/2024\/04\/6283fca0cccf811111dc1743_CV-photo-Francois-min-779x1024.jpg 779w, https:\/\/www.videomedia.ca\/wp-content\/uploads\/2024\/04\/6283fca0cccf811111dc1743_CV-photo-Francois-min-228x300.jpg 228w, https:\/\/www.videomedia.ca\/wp-content\/uploads\/2024\/04\/6283fca0cccf811111dc1743_CV-photo-Francois-min-768x1009.jpg 768w, https:\/\/www.videomedia.ca\/wp-content\/uploads\/2024\/04\/6283fca0cccf811111dc1743_CV-photo-Francois-min.jpg 879w\" sizes=\"(max-width: 779px) 100vw, 779px\" \/>\t\t\t\t\t\t\t\t\t\t\t\t\t\t\t<\/div>\n\t\t\t\t<\/div>\n\t\t\t\t<\/div>\n\t\t<div class=\"elementor-element elementor-element-d08e810 e-flex e-con-boxed e-con e-child\" data-id=\"d08e810\" data-element_type=\"container\" data-e-type=\"container\">\n\t\t\t\t\t<div class=\"e-con-inner\">\n\t\t\t\t<div class=\"elementor-element elementor-element-f59ad00 elementor-widget elementor-widget-heading\" data-id=\"f59ad00\" data-element_type=\"widget\" data-e-type=\"widget\" data-widget_type=\"heading.default\">\n\t\t\t\t<div class=\"elementor-widget-container\">\n\t\t\t\t\t<h3 class=\"elementor-heading-title elementor-size-default\">Founder<\/h3>\t\t\t\t<\/div>\n\t\t\t\t<\/div>\n\t\t\t\t<div class=\"elementor-element elementor-element-841ee3a elementor-widget elementor-widget-text-editor\" data-id=\"841ee3a\" data-element_type=\"widget\" data-e-type=\"widget\" data-widget_type=\"text-editor.default\">\n\t\t\t\t<div class=\"elementor-widget-container\">\n\t\t\t\t\t\t\t\t\t<p>Fran\u00e7ois has 30 years of experience in cinema. He was director of technical services and archivist at the Cinematheque Quebecoise. He was also responsible for all projection facilities as well as the training of projectionists. He has gained extensive experience in the techniques of film conservation and restoration of film and videomedia as well as the projection of all film formats from the oldest to most recent. He led work for both chemical and digital film restoration. Invited by the Cinematheque of East Berlin for specialized training in archiving. He participated in the 4<sup>th<\/sup> training session of the International Federation of Film Archives in Berlin.<\/p>\n\t\t\t\t\t\t\t\t<\/div>\n\t\t\t\t<\/div>\n\t\t\t\t<div class=\"elementor-element elementor-element-bf0ebcf elementor-widget elementor-widget-button\" data-id=\"bf0ebcf\" data-element_type=\"widget\" data-e-type=\"widget\" data-widget_type=\"button.default\">\n\t\t\t\t<div class=\"elementor-widget-container\">\n\t\t\t\t\t\t\t\t\t<div class=\"elementor-button-wrapper\">\n\t\t\t\t\t<a class=\"elementor-button elementor-button-link elementor-size-sm\" href=\"https:\/\/www.videomedia.ca\/en\/about\/\">\n\t\t\t\t\t\t<span class=\"elementor-button-content-wrapper\">\n\t\t\t\t\t\t\t\t\t<span class=\"elementor-button-text\">Back<\/span>\n\t\t\t\t\t<\/span>\n\t\t\t\t\t<\/a>\n\t\t\t\t<\/div>\n\t\t\t\t\t\t\t\t<\/div>\n\t\t\t\t<\/div>\n\t\t\t\t\t<\/div>\n\t\t\t\t<\/div>\n\t\t\t\t\t<\/div>\n\t\t\t\t<\/div>\n\t\t\t\t\t<\/div>\n\t\t\t\t<\/div>\n\t\t<div class=\"elementor-element elementor-element-96bebfa e-flex e-con-boxed e-con e-parent\" data-id=\"96bebfa\" data-element_type=\"container\" data-e-type=\"container\">\n\t\t\t\t\t<div class=\"e-con-inner\">\n\t\t\t\t\t<\/div>\n\t\t\t\t<\/div>\n\t\t\t\t<\/div>\n\t\t","protected":false},"excerpt":{"rendered":"<p>Founder Fran\u00e7ois has 30 years of experience in cinema. He was director of technical services and archivist at the Cinematheque Quebecoise. He was also responsible for all projection facilities as well as the training of projectionists. He has gained extensive experience in the techniques of film conservation and restoration of film and videomedia as well [&hellip;]<\/p>\n","protected":false},"author":1,"featured_media":0,"parent":735,"menu_order":1,"comment_status":"closed","ping_status":"closed","template":"","meta":{"footnotes":""},"class_list":["post-737","page","type-page","status-publish","hentry"],"yoast_head":"<!-- This site is optimized with the Yoast SEO plugin v27.2 - https:\/\/yoast.com\/product\/yoast-seo-wordpress\/ -->\n<title>Fran\u00e7ois Auger - Vid\u00e9oM\u00e9dia<\/title>\n<meta name=\"robots\" content=\"index, follow, max-snippet:-1, max-image-preview:large, max-video-preview:-1\" \/>\n<link rel=\"canonical\" href=\"https:\/\/www.videomedia.ca\/en\/about\/francois-auger\/\" \/>\n<meta property=\"og:locale\" content=\"en_US\" \/>\n<meta property=\"og:type\" content=\"article\" \/>\n<meta property=\"og:title\" content=\"Fran\u00e7ois Auger - Vid\u00e9oM\u00e9dia\" \/>\n<meta property=\"og:description\" content=\"Founder Fran\u00e7ois has 30 years of experience in cinema. He was director of technical services and archivist at the Cinematheque Quebecoise. He was also responsible for all projection facilities as well as the training of projectionists. He has gained extensive experience in the techniques of film conservation and restoration of film and videomedia as well [&hellip;]\" \/>\n<meta property=\"og:url\" content=\"https:\/\/www.videomedia.ca\/en\/about\/francois-auger\/\" \/>\n<meta property=\"og:site_name\" content=\"Vid\u00e9oM\u00e9dia\" \/>\n<meta property=\"article:publisher\" content=\"https:\/\/www.facebook.com\/VideoMediaMontreal\" \/>\n<meta property=\"article:modified_time\" content=\"2024-06-07T15:02:48+00:00\" \/>\n<meta property=\"og:image\" content=\"https:\/\/videomedia.creatures.ca\/wp-content\/uploads\/2024\/04\/6283fca0cccf811111dc1743_CV-photo-Francois-min-779x1024.jpg\" \/>\n<meta name=\"twitter:card\" content=\"summary_large_image\" \/>\n<meta name=\"twitter:label1\" content=\"Est. reading time\" \/>\n\t<meta name=\"twitter:data1\" content=\"1 minute\" \/>\n<script type=\"application\/ld+json\" class=\"yoast-schema-graph\">{\"@context\":\"https:\/\/schema.org\",\"@graph\":[{\"@type\":\"WebPage\",\"@id\":\"https:\/\/www.videomedia.ca\/en\/about\/francois-auger\/\",\"url\":\"https:\/\/www.videomedia.ca\/en\/about\/francois-auger\/\",\"name\":\"Fran\u00e7ois Auger - Vid\u00e9oM\u00e9dia\",\"isPartOf\":{\"@id\":\"https:\/\/www.videomedia.ca\/en\/#website\"},\"primaryImageOfPage\":{\"@id\":\"https:\/\/www.videomedia.ca\/en\/about\/francois-auger\/#primaryimage\"},\"image\":{\"@id\":\"https:\/\/www.videomedia.ca\/en\/about\/francois-auger\/#primaryimage\"},\"thumbnailUrl\":\"https:\/\/videomedia.creatures.ca\/wp-content\/uploads\/2024\/04\/6283fca0cccf811111dc1743_CV-photo-Francois-min-779x1024.jpg\",\"datePublished\":\"2024-05-24T01:41:40+00:00\",\"dateModified\":\"2024-06-07T15:02:48+00:00\",\"breadcrumb\":{\"@id\":\"https:\/\/www.videomedia.ca\/en\/about\/francois-auger\/#breadcrumb\"},\"inLanguage\":\"en-US\",\"potentialAction\":[{\"@type\":\"ReadAction\",\"target\":[\"https:\/\/www.videomedia.ca\/en\/about\/francois-auger\/\"]}]},{\"@type\":\"ImageObject\",\"inLanguage\":\"en-US\",\"@id\":\"https:\/\/www.videomedia.ca\/en\/about\/francois-auger\/#primaryimage\",\"url\":\"https:\/\/videomedia.creatures.ca\/wp-content\/uploads\/2024\/04\/6283fca0cccf811111dc1743_CV-photo-Francois-min-779x1024.jpg\",\"contentUrl\":\"https:\/\/videomedia.creatures.ca\/wp-content\/uploads\/2024\/04\/6283fca0cccf811111dc1743_CV-photo-Francois-min-779x1024.jpg\"},{\"@type\":\"BreadcrumbList\",\"@id\":\"https:\/\/www.videomedia.ca\/en\/about\/francois-auger\/#breadcrumb\",\"itemListElement\":[{\"@type\":\"ListItem\",\"position\":1,\"name\":\"Home\",\"item\":\"https:\/\/www.videomedia.ca\/en\/\"},{\"@type\":\"ListItem\",\"position\":2,\"name\":\"About\",\"item\":\"https:\/\/www.videomedia.ca\/en\/a-propos\/\"},{\"@type\":\"ListItem\",\"position\":3,\"name\":\"Fran\u00e7ois Auger\"}]},{\"@type\":\"WebSite\",\"@id\":\"https:\/\/www.videomedia.ca\/en\/#website\",\"url\":\"https:\/\/www.videomedia.ca\/en\/\",\"name\":\"Vid\u00e9oM\u00e9dia\",\"description\":\"\",\"publisher\":{\"@id\":\"https:\/\/www.videomedia.ca\/en\/#organization\"},\"potentialAction\":[{\"@type\":\"SearchAction\",\"target\":{\"@type\":\"EntryPoint\",\"urlTemplate\":\"https:\/\/www.videomedia.ca\/en\/?s={search_term_string}\"},\"query-input\":{\"@type\":\"PropertyValueSpecification\",\"valueRequired\":true,\"valueName\":\"search_term_string\"}}],\"inLanguage\":\"en-US\"},{\"@type\":\"Organization\",\"@id\":\"https:\/\/www.videomedia.ca\/en\/#organization\",\"name\":\"Vid\u00e9om\u00e9dia\",\"alternateName\":\"Videomedia\",\"url\":\"https:\/\/www.videomedia.ca\/en\/\",\"logo\":{\"@type\":\"ImageObject\",\"inLanguage\":\"en-US\",\"@id\":\"https:\/\/www.videomedia.ca\/en\/#\/schema\/logo\/image\/\",\"url\":\"https:\/\/www.videomedia.ca\/wp-content\/uploads\/2024\/02\/623a94691005236a975d9651_VM-web-Logo-1-min.png\",\"contentUrl\":\"https:\/\/www.videomedia.ca\/wp-content\/uploads\/2024\/02\/623a94691005236a975d9651_VM-web-Logo-1-min.png\",\"width\":1886,\"height\":508,\"caption\":\"Vid\u00e9om\u00e9dia\"},\"image\":{\"@id\":\"https:\/\/www.videomedia.ca\/en\/#\/schema\/logo\/image\/\"},\"sameAs\":[\"https:\/\/www.facebook.com\/VideoMediaMontreal\"]}]}<\/script>\n<!-- \/ Yoast SEO plugin. -->","yoast_head_json":{"title":"Fran\u00e7ois Auger - Vid\u00e9oM\u00e9dia","robots":{"index":"index","follow":"follow","max-snippet":"max-snippet:-1","max-image-preview":"max-image-preview:large","max-video-preview":"max-video-preview:-1"},"canonical":"https:\/\/www.videomedia.ca\/en\/about\/francois-auger\/","og_locale":"en_US","og_type":"article","og_title":"Fran\u00e7ois Auger - Vid\u00e9oM\u00e9dia","og_description":"Founder Fran\u00e7ois has 30 years of experience in cinema. He was director of technical services and archivist at the Cinematheque Quebecoise. He was also responsible for all projection facilities as well as the training of projectionists. He has gained extensive experience in the techniques of film conservation and restoration of film and videomedia as well [&hellip;]","og_url":"https:\/\/www.videomedia.ca\/en\/about\/francois-auger\/","og_site_name":"Vid\u00e9oM\u00e9dia","article_publisher":"https:\/\/www.facebook.com\/VideoMediaMontreal","article_modified_time":"2024-06-07T15:02:48+00:00","og_image":[{"url":"https:\/\/videomedia.creatures.ca\/wp-content\/uploads\/2024\/04\/6283fca0cccf811111dc1743_CV-photo-Francois-min-779x1024.jpg","type":"","width":"","height":""}],"twitter_card":"summary_large_image","twitter_misc":{"Est. reading time":"1 minute"},"schema":{"@context":"https:\/\/schema.org","@graph":[{"@type":"WebPage","@id":"https:\/\/www.videomedia.ca\/en\/about\/francois-auger\/","url":"https:\/\/www.videomedia.ca\/en\/about\/francois-auger\/","name":"Fran\u00e7ois Auger - Vid\u00e9oM\u00e9dia","isPartOf":{"@id":"https:\/\/www.videomedia.ca\/en\/#website"},"primaryImageOfPage":{"@id":"https:\/\/www.videomedia.ca\/en\/about\/francois-auger\/#primaryimage"},"image":{"@id":"https:\/\/www.videomedia.ca\/en\/about\/francois-auger\/#primaryimage"},"thumbnailUrl":"https:\/\/videomedia.creatures.ca\/wp-content\/uploads\/2024\/04\/6283fca0cccf811111dc1743_CV-photo-Francois-min-779x1024.jpg","datePublished":"2024-05-24T01:41:40+00:00","dateModified":"2024-06-07T15:02:48+00:00","breadcrumb":{"@id":"https:\/\/www.videomedia.ca\/en\/about\/francois-auger\/#breadcrumb"},"inLanguage":"en-US","potentialAction":[{"@type":"ReadAction","target":["https:\/\/www.videomedia.ca\/en\/about\/francois-auger\/"]}]},{"@type":"ImageObject","inLanguage":"en-US","@id":"https:\/\/www.videomedia.ca\/en\/about\/francois-auger\/#primaryimage","url":"https:\/\/videomedia.creatures.ca\/wp-content\/uploads\/2024\/04\/6283fca0cccf811111dc1743_CV-photo-Francois-min-779x1024.jpg","contentUrl":"https:\/\/videomedia.creatures.ca\/wp-content\/uploads\/2024\/04\/6283fca0cccf811111dc1743_CV-photo-Francois-min-779x1024.jpg"},{"@type":"BreadcrumbList","@id":"https:\/\/www.videomedia.ca\/en\/about\/francois-auger\/#breadcrumb","itemListElement":[{"@type":"ListItem","position":1,"name":"Home","item":"https:\/\/www.videomedia.ca\/en\/"},{"@type":"ListItem","position":2,"name":"About","item":"https:\/\/www.videomedia.ca\/en\/a-propos\/"},{"@type":"ListItem","position":3,"name":"Fran\u00e7ois Auger"}]},{"@type":"WebSite","@id":"https:\/\/www.videomedia.ca\/en\/#website","url":"https:\/\/www.videomedia.ca\/en\/","name":"Vid\u00e9oM\u00e9dia","description":"","publisher":{"@id":"https:\/\/www.videomedia.ca\/en\/#organization"},"potentialAction":[{"@type":"SearchAction","target":{"@type":"EntryPoint","urlTemplate":"https:\/\/www.videomedia.ca\/en\/?s={search_term_string}"},"query-input":{"@type":"PropertyValueSpecification","valueRequired":true,"valueName":"search_term_string"}}],"inLanguage":"en-US"},{"@type":"Organization","@id":"https:\/\/www.videomedia.ca\/en\/#organization","name":"Vid\u00e9om\u00e9dia","alternateName":"Videomedia","url":"https:\/\/www.videomedia.ca\/en\/","logo":{"@type":"ImageObject","inLanguage":"en-US","@id":"https:\/\/www.videomedia.ca\/en\/#\/schema\/logo\/image\/","url":"https:\/\/www.videomedia.ca\/wp-content\/uploads\/2024\/02\/623a94691005236a975d9651_VM-web-Logo-1-min.png","contentUrl":"https:\/\/www.videomedia.ca\/wp-content\/uploads\/2024\/02\/623a94691005236a975d9651_VM-web-Logo-1-min.png","width":1886,"height":508,"caption":"Vid\u00e9om\u00e9dia"},"image":{"@id":"https:\/\/www.videomedia.ca\/en\/#\/schema\/logo\/image\/"},"sameAs":["https:\/\/www.facebook.com\/VideoMediaMontreal"]}]}},"_links":{"self":[{"href":"https:\/\/www.videomedia.ca\/en\/wp-json\/wp\/v2\/pages\/737","targetHints":{"allow":["GET"]}}],"collection":[{"href":"https:\/\/www.videomedia.ca\/en\/wp-json\/wp\/v2\/pages"}],"about":[{"href":"https:\/\/www.videomedia.ca\/en\/wp-json\/wp\/v2\/types\/page"}],"author":[{"embeddable":true,"href":"https:\/\/www.videomedia.ca\/en\/wp-json\/wp\/v2\/users\/1"}],"replies":[{"embeddable":true,"href":"https:\/\/www.videomedia.ca\/en\/wp-json\/wp\/v2\/comments?post=737"}],"version-history":[{"count":0,"href":"https:\/\/www.videomedia.ca\/en\/wp-json\/wp\/v2\/pages\/737\/revisions"}],"up":[{"embeddable":true,"href":"https:\/\/www.videomedia.ca\/en\/wp-json\/wp\/v2\/pages\/735"}],"wp:attachment":[{"href":"https:\/\/www.videomedia.ca\/en\/wp-json\/wp\/v2\/media?parent=737"}],"curies":[{"name":"wp","href":"https:\/\/api.w.org\/{rel}","templated":true}]}}